{"id":37658,"date":"2025-12-08T12:53:31","date_gmt":"2025-12-08T17:53:31","guid":{"rendered":"https:\/\/agqroo.qroo.gob.mx\/?page_id=37658"},"modified":"2026-04-30T14:50:09","modified_gmt":"2026-04-30T19:50:09","slug":"plan-estatal-del-desarrollo","status":"publish","type":"page","link":"https:\/\/agqroo.qroo.gob.mx\/index.php\/plan-estatal-del-desarrollo\/","title":{"rendered":"Plan estatal del desarrollo"},"content":{"rendered":"\t\t<div data-elementor-type=\"wp-page\" data-elementor-id=\"37658\" class=\"elementor elementor-37658\">\n\t\t\t\t<div class=\"elementor-element elementor-element-dee7b23 e-flex e-con-boxed e-con e-parent\" data-id=\"dee7b23\" data-element_type=\"container\" data-e-type=\"container\">\n\t\t\t\t\t<div class=\"e-con-inner\">\n\t\t\t\t<div class=\"elementor-element elementor-element-325d6db elementor-widget elementor-widget-spacer\" data-id=\"325d6db\" data-element_type=\"widget\" data-e-type=\"widget\" data-widget_type=\"spacer.default\">\n\t\t\t\t<div class=\"elementor-widget-container\">\n\t\t\t\t\t\t\t<div class=\"elementor-spacer\">\n\t\t\t<div class=\"elementor-spacer-inner\"><\/div>\n\t\t<\/div>\n\t\t\t\t\t\t<\/div>\n\t\t\t\t<\/div>\n\t\t\t\t\t<\/div>\n\t\t\t\t<\/div>\n\t\t<div class=\"elementor-element elementor-element-a4bfdc9 e-flex e-con-boxed e-con e-parent\" data-id=\"a4bfdc9\" data-element_type=\"container\" data-e-type=\"container\">\n\t\t\t\t\t<div class=\"e-con-inner\">\n\t\t\t\t<div class=\"elementor-element elementor-element-7066f6c elementor-widget elementor-widget-heading\" data-id=\"7066f6c\" data-element_type=\"widget\" data-e-type=\"widget\" data-widget_type=\"heading.default\">\n\t\t\t\t<div class=\"elementor-widget-container\">\n\t\t\t\t\t<h2 class=\"elementor-heading-title elementor-size-default\">Plan Estatal de Desarrollo<\/h2>\t\t\t\t<\/div>\n\t\t\t\t<\/div>\n\t\t\t\t<div class=\"elementor-element elementor-element-4c8237f elementor-widget elementor-widget-spacer\" data-id=\"4c8237f\" data-element_type=\"widget\" data-e-type=\"widget\" data-widget_type=\"spacer.default\">\n\t\t\t\t<div class=\"elementor-widget-container\">\n\t\t\t\t\t\t\t<div class=\"elementor-spacer\">\n\t\t\t<div class=\"elementor-spacer-inner\"><\/div>\n\t\t<\/div>\n\t\t\t\t\t\t<\/div>\n\t\t\t\t<\/div>\n\t\t<div class=\"elementor-element elementor-element-8fb0013 e-con-full e-flex e-con e-child\" data-id=\"8fb0013\" data-element_type=\"container\" data-e-type=\"container\">\n\t\t\t\t<div class=\"elementor-element elementor-element-7c2cad4 elementor-widget elementor-widget-shortcode\" data-id=\"7c2cad4\" data-element_type=\"widget\" data-e-type=\"widget\" data-widget_type=\"shortcode.default\">\n\t\t\t\t<div class=\"elementor-widget-container\">\n\t\t\t\t\t\t\t<div class=\"elementor-shortcode\"><table>\n<thead>\n<tr>\n<th>T\u00cdTULO<\/th>\n<th>ADJUNTO<\/th>\n<\/tr>\n<\/thead>\n<tbody>\n<tr>\n<td>Plan Estrat\u00e9gico de Desarrollo Sostenible de Quintana Roo 2050<\/td>\n<td><a href=\"https:\/\/agqroo.qroo.gob.mx\/wp-content\/uploads\/2025\/12\/PeriodicoOficial_ORDINARIO-1_2025-12-01.pdf\">Periodico Oficial Ordinario 2025.pdf<\/a><\/td>\n<\/tr>\n<tr>\n<td>Actualizaci\u00f3n del Plan Estatal de Desarrollo<\/td>\n<td><a href=\"https:\/\/agqroo.qroo.gob.mx\/wp-content\/uploads\/2025\/12\/PeriodicoOficial_EXTRAORDINARIO_2025-12-03.pdf\">Periodico Oficial Extraordinario 2025.pdf<\/a><\/td>\n<\/tr>\n<\/tbody>\n<\/table>\n<style>\n        table {<br \/>            width: 100%;<br \/>            border-collapse: collapse;<br \/>        }<br \/>        th, td {<br \/>            border: 1px solid black;<br \/>            padding: 8px;<br \/>            text-align: left;<br \/>        }<br \/>        th {<br \/>            background-color: #f2f2f2;<br \/>        }<br \/>    <\/style><\/div>\n\t\t\t\t\t\t<\/div>\n\t\t\t\t<\/div>\n\t\t\t\t<div class=\"elementor-element elementor-element-7fc703c elementor-widget elementor-widget-spacer\" data-id=\"7fc703c\" data-element_type=\"widget\" data-e-type=\"widget\" data-widget_type=\"spacer.default\">\n\t\t\t\t<div class=\"elementor-widget-container\">\n\t\t\t\t\t\t\t<div class=\"elementor-spacer\">\n\t\t\t<div class=\"elementor-spacer-inner\"><\/div>\n\t\t<\/div>\n\t\t\t\t\t\t<\/div>\n\t\t\t\t<\/div>\n\t\t\t\t<div class=\"elementor-element elementor-element-233726a elementor-widget elementor-widget-spacer\" data-id=\"233726a\" data-element_type=\"widget\" data-e-type=\"widget\" data-widget_type=\"spacer.default\">\n\t\t\t\t<div class=\"elementor-widget-container\">\n\t\t\t\t\t\t\t<div class=\"elementor-spacer\">\n\t\t\t<div class=\"elementor-spacer-inner\"><\/div>\n\t\t<\/div>\n\t\t\t\t\t\t<\/div>\n\t\t\t\t<\/div>\n\t\t\t\t<\/div>\n\t\t\t\t\t<\/div>\n\t\t\t\t<\/div>\n\t\t\t\t<\/div>\n\t\t","protected":false},"excerpt":{"rendered":"<p>Plan Estatal de Desarrollo T\u00cdTULO ADJUNTO Plan Estrat\u00e9gico de Desarrollo Sostenible de Quintana Roo 2050 Periodico Oficial Ordinario 2025.pdf Actualizaci\u00f3n del Plan Estatal de Desarrollo Periodico Oficial Extraordinario 2025.pdf<\/p>\n","protected":false},"author":11,"featured_media":0,"parent":0,"menu_order":0,"comment_status":"closed","ping_status":"closed","template":"","meta":{"footnotes":""},"class_list":["post-37658","page","type-page","status-publish"],"yoast_head":"<!-- This site is optimized with the Yoast SEO plugin v27.3 - https:\/\/yoast.com\/product\/yoast-seo-wordpress\/ -->\n<title>Plan estatal del desarrollo - Archivo General del Estado de Quintana Roo<\/title>\n<meta name=\"robots\" content=\"index, follow, max-snippet:-1, max-image-preview:large, max-video-preview:-1\" \/>\n<link rel=\"canonical\" href=\"https:\/\/agqroo.qroo.gob.mx\/index.php\/plan-estatal-del-desarrollo\/\" \/>\n<meta property=\"og:locale\" content=\"es_MX\" \/>\n<meta property=\"og:type\" content=\"article\" \/>\n<meta property=\"og:title\" content=\"Plan estatal del desarrollo - Archivo General del Estado de Quintana Roo\" \/>\n<meta property=\"og:description\" content=\"Plan Estatal de Desarrollo T\u00cdTULO ADJUNTO Plan Estrat\u00e9gico de Desarrollo Sostenible de Quintana Roo 2050 Periodico Oficial Ordinario 2025.pdf Actualizaci\u00f3n del Plan Estatal de Desarrollo Periodico Oficial Extraordinario 2025.pdf\" \/>\n<meta property=\"og:url\" content=\"https:\/\/agqroo.qroo.gob.mx\/index.php\/plan-estatal-del-desarrollo\/\" \/>\n<meta property=\"og:site_name\" content=\"Archivo General del Estado de Quintana Roo\" \/>\n<meta property=\"article:modified_time\" content=\"2026-04-30T19:50:09+00:00\" \/>\n<meta name=\"twitter:card\" content=\"summary_large_image\" \/>\n<meta name=\"twitter:label1\" content=\"Tiempo de lectura\" \/>\n\t<meta name=\"twitter:data1\" content=\"1 minuto\" \/>\n<script type=\"application\/ld+json\" class=\"yoast-schema-graph\">{\"@context\":\"https:\\\/\\\/schema.org\",\"@graph\":[{\"@type\":\"WebPage\",\"@id\":\"https:\\\/\\\/agqroo.qroo.gob.mx\\\/index.php\\\/plan-estatal-del-desarrollo\\\/\",\"url\":\"https:\\\/\\\/agqroo.qroo.gob.mx\\\/index.php\\\/plan-estatal-del-desarrollo\\\/\",\"name\":\"Plan estatal del desarrollo - Archivo General del Estado de Quintana Roo\",\"isPartOf\":{\"@id\":\"https:\\\/\\\/agqroo.qroo.gob.mx\\\/#website\"},\"datePublished\":\"2025-12-08T17:53:31+00:00\",\"dateModified\":\"2026-04-30T19:50:09+00:00\",\"breadcrumb\":{\"@id\":\"https:\\\/\\\/agqroo.qroo.gob.mx\\\/index.php\\\/plan-estatal-del-desarrollo\\\/#breadcrumb\"},\"inLanguage\":\"es\",\"potentialAction\":[{\"@type\":\"ReadAction\",\"target\":[\"https:\\\/\\\/agqroo.qroo.gob.mx\\\/index.php\\\/plan-estatal-del-desarrollo\\\/\"]}]},{\"@type\":\"BreadcrumbList\",\"@id\":\"https:\\\/\\\/agqroo.qroo.gob.mx\\\/index.php\\\/plan-estatal-del-desarrollo\\\/#breadcrumb\",\"itemListElement\":[{\"@type\":\"ListItem\",\"position\":1,\"name\":\"Inicio\",\"item\":\"https:\\\/\\\/agqroo.qroo.gob.mx\\\/\"},{\"@type\":\"ListItem\",\"position\":2,\"name\":\"Plan estatal del desarrollo\"}]},{\"@type\":\"WebSite\",\"@id\":\"https:\\\/\\\/agqroo.qroo.gob.mx\\\/#website\",\"url\":\"https:\\\/\\\/agqroo.qroo.gob.mx\\\/\",\"name\":\"Archivo General del Estado de Quintana Roo\",\"description\":\"\",\"publisher\":{\"@id\":\"https:\\\/\\\/agqroo.qroo.gob.mx\\\/#organization\"},\"potentialAction\":[{\"@type\":\"SearchAction\",\"target\":{\"@type\":\"EntryPoint\",\"urlTemplate\":\"https:\\\/\\\/agqroo.qroo.gob.mx\\\/?s={search_term_string}\"},\"query-input\":{\"@type\":\"PropertyValueSpecification\",\"valueRequired\":true,\"valueName\":\"search_term_string\"}}],\"inLanguage\":\"es\"},{\"@type\":\"Organization\",\"@id\":\"https:\\\/\\\/agqroo.qroo.gob.mx\\\/#organization\",\"name\":\"Archivo General del Estado de Quintana Roo\",\"url\":\"https:\\\/\\\/agqroo.qroo.gob.mx\\\/\",\"logo\":{\"@type\":\"ImageObject\",\"inLanguage\":\"es\",\"@id\":\"https:\\\/\\\/agqroo.qroo.gob.mx\\\/#\\\/schema\\\/logo\\\/image\\\/\",\"url\":\"https:\\\/\\\/agqroo.qroo.gob.mx\\\/wp-content\\\/uploads\\\/2024\\\/06\\\/AGQROO.png\",\"contentUrl\":\"https:\\\/\\\/agqroo.qroo.gob.mx\\\/wp-content\\\/uploads\\\/2024\\\/06\\\/AGQROO.png\",\"width\":1920,\"height\":1080,\"caption\":\"Archivo General del Estado de Quintana Roo\"},\"image\":{\"@id\":\"https:\\\/\\\/agqroo.qroo.gob.mx\\\/#\\\/schema\\\/logo\\\/image\\\/\"}}]}<\/script>\n<!-- \/ Yoast SEO plugin. -->","yoast_head_json":{"title":"Plan estatal del desarrollo - Archivo General del Estado de Quintana Roo","robots":{"index":"index","follow":"follow","max-snippet":"max-snippet:-1","max-image-preview":"max-image-preview:large","max-video-preview":"max-video-preview:-1"},"canonical":"https:\/\/agqroo.qroo.gob.mx\/index.php\/plan-estatal-del-desarrollo\/","og_locale":"es_MX","og_type":"article","og_title":"Plan estatal del desarrollo - Archivo General del Estado de Quintana Roo","og_description":"Plan Estatal de Desarrollo T\u00cdTULO ADJUNTO Plan Estrat\u00e9gico de Desarrollo Sostenible de Quintana Roo 2050 Periodico Oficial Ordinario 2025.pdf Actualizaci\u00f3n del Plan Estatal de Desarrollo Periodico Oficial Extraordinario 2025.pdf","og_url":"https:\/\/agqroo.qroo.gob.mx\/index.php\/plan-estatal-del-desarrollo\/","og_site_name":"Archivo General del Estado de Quintana Roo","article_modified_time":"2026-04-30T19:50:09+00:00","twitter_card":"summary_large_image","twitter_misc":{"Tiempo de lectura":"1 minuto"},"schema":{"@context":"https:\/\/schema.org","@graph":[{"@type":"WebPage","@id":"https:\/\/agqroo.qroo.gob.mx\/index.php\/plan-estatal-del-desarrollo\/","url":"https:\/\/agqroo.qroo.gob.mx\/index.php\/plan-estatal-del-desarrollo\/","name":"Plan estatal del desarrollo - Archivo General del Estado de Quintana Roo","isPartOf":{"@id":"https:\/\/agqroo.qroo.gob.mx\/#website"},"datePublished":"2025-12-08T17:53:31+00:00","dateModified":"2026-04-30T19:50:09+00:00","breadcrumb":{"@id":"https:\/\/agqroo.qroo.gob.mx\/index.php\/plan-estatal-del-desarrollo\/#breadcrumb"},"inLanguage":"es","potentialAction":[{"@type":"ReadAction","target":["https:\/\/agqroo.qroo.gob.mx\/index.php\/plan-estatal-del-desarrollo\/"]}]},{"@type":"BreadcrumbList","@id":"https:\/\/agqroo.qroo.gob.mx\/index.php\/plan-estatal-del-desarrollo\/#breadcrumb","itemListElement":[{"@type":"ListItem","position":1,"name":"Inicio","item":"https:\/\/agqroo.qroo.gob.mx\/"},{"@type":"ListItem","position":2,"name":"Plan estatal del desarrollo"}]},{"@type":"WebSite","@id":"https:\/\/agqroo.qroo.gob.mx\/#website","url":"https:\/\/agqroo.qroo.gob.mx\/","name":"Archivo General del Estado de Quintana Roo","description":"","publisher":{"@id":"https:\/\/agqroo.qroo.gob.mx\/#organization"},"potentialAction":[{"@type":"SearchAction","target":{"@type":"EntryPoint","urlTemplate":"https:\/\/agqroo.qroo.gob.mx\/?s={search_term_string}"},"query-input":{"@type":"PropertyValueSpecification","valueRequired":true,"valueName":"search_term_string"}}],"inLanguage":"es"},{"@type":"Organization","@id":"https:\/\/agqroo.qroo.gob.mx\/#organization","name":"Archivo General del Estado de Quintana Roo","url":"https:\/\/agqroo.qroo.gob.mx\/","logo":{"@type":"ImageObject","inLanguage":"es","@id":"https:\/\/agqroo.qroo.gob.mx\/#\/schema\/logo\/image\/","url":"https:\/\/agqroo.qroo.gob.mx\/wp-content\/uploads\/2024\/06\/AGQROO.png","contentUrl":"https:\/\/agqroo.qroo.gob.mx\/wp-content\/uploads\/2024\/06\/AGQROO.png","width":1920,"height":1080,"caption":"Archivo General del Estado de Quintana Roo"},"image":{"@id":"https:\/\/agqroo.qroo.gob.mx\/#\/schema\/logo\/image\/"}}]}},"_links":{"self":[{"href":"https:\/\/agqroo.qroo.gob.mx\/index.php\/wp-json\/wp\/v2\/pages\/37658","targetHints":{"allow":["GET"]}}],"collection":[{"href":"https:\/\/agqroo.qroo.gob.mx\/index.php\/wp-json\/wp\/v2\/pages"}],"about":[{"href":"https:\/\/agqroo.qroo.gob.mx\/index.php\/wp-json\/wp\/v2\/types\/page"}],"author":[{"embeddable":true,"href":"https:\/\/agqroo.qroo.gob.mx\/index.php\/wp-json\/wp\/v2\/users\/11"}],"replies":[{"embeddable":true,"href":"https:\/\/agqroo.qroo.gob.mx\/index.php\/wp-json\/wp\/v2\/comments?post=37658"}],"version-history":[{"count":13,"href":"https:\/\/agqroo.qroo.gob.mx\/index.php\/wp-json\/wp\/v2\/pages\/37658\/revisions"}],"predecessor-version":[{"id":38509,"href":"https:\/\/agqroo.qroo.gob.mx\/index.php\/wp-json\/wp\/v2\/pages\/37658\/revisions\/38509"}],"wp:attachment":[{"href":"https:\/\/agqroo.qroo.gob.mx\/index.php\/wp-json\/wp\/v2\/media?parent=37658"}],"curies":[{"name":"wp","href":"https:\/\/api.w.org\/{rel}","templated":true}]}}