{"id":36903,"date":"2025-07-04T09:09:44","date_gmt":"2025-07-04T14:09:44","guid":{"rendered":"https:\/\/agqroo.qroo.gob.mx\/?page_id=36903"},"modified":"2025-09-09T15:14:16","modified_gmt":"2025-09-09T20:14:16","slug":"mision-vision-objetivos","status":"publish","type":"page","link":"https:\/\/agqroo.qroo.gob.mx\/index.php\/mision-vision-objetivos\/","title":{"rendered":"Misi\u00f3n, Visi\u00f3n  Objetivos"},"content":{"rendered":"\t\t<div data-elementor-type=\"wp-page\" data-elementor-id=\"36903\" class=\"elementor elementor-36903\">\n\t\t\t\t<div class=\"elementor-element elementor-element-76ed16b e-flex e-con-boxed e-con e-parent\" data-id=\"76ed16b\" data-element_type=\"container\" data-e-type=\"container\">\n\t\t\t\t\t<div class=\"e-con-inner\">\n\t\t\t\t<div class=\"elementor-element elementor-element-8148bdc elementor-widget elementor-widget-heading\" data-id=\"8148bdc\" data-element_type=\"widget\" data-e-type=\"widget\" data-widget_type=\"heading.default\">\n\t\t\t\t<div class=\"elementor-widget-container\">\n\t\t\t\t\t<h2 class=\"elementor-heading-title elementor-size-default\">Misi\u00f3n, Visi\u00f3n y Objetivos <\/h2>\t\t\t\t<\/div>\n\t\t\t\t<\/div>\n\t\t\t\t<div class=\"elementor-element elementor-element-9ff5fb4 elementor-widget elementor-widget-text-editor\" data-id=\"9ff5fb4\" data-element_type=\"widget\" data-e-type=\"widget\" data-widget_type=\"text-editor.default\">\n\t\t\t\t<div class=\"elementor-widget-container\">\n\t\t\t\t\t\t\t\t\t<p><strong>Misi\u00f3n.<\/strong><\/p><p>Organizar e instrumentar el sistema archiv\u00edstico del estado a trav\u00e9s de un m\u00e9todo de gesti\u00f3n que permita el manejo accesible y transparente del patrimonio documental, garantizando su conservaci\u00f3n y difusi\u00f3n a la ciudadan\u00eda de conformidad con la legislaci\u00f3n en la materia.<\/p><p><strong>Visi\u00f3n.<\/strong><\/p><p>Ser un organismo innovador y de referencia para la administraci\u00f3n p\u00fablica estatal, con servidores p\u00fablicos competitivos, que garantice a la ciudadan\u00eda la gesti\u00f3n, conservaci\u00f3n y difusi\u00f3n de los documentos en cualquier soporte, en respuesta a las necesidades de informaci\u00f3n dentro del marco de la sociedad del conocimiento.<\/p><p><b>Objetivos.<\/b><\/p><p>1.- Gobernanza: Incrementar la participaci\u00f3n social y confianza ciudadana en las instituciones p\u00fablicas a trav\u00e9s del di\u00e1logo y apego a la legalidad, conduciendo la pol\u00edtica interior y la buena relaci\u00f3n con las representaciones de los sectores p\u00fablicos, social y privado para una mejor calidad de vida para los habitantes del Estado de Quintana\u00a0Roo.<\/p>\t\t\t\t\t\t\t\t<\/div>\n\t\t\t\t<\/div>\n\t\t\t\t<div class=\"elementor-element elementor-element-52b4efa elementor-widget elementor-widget-spacer\" data-id=\"52b4efa\" data-element_type=\"widget\" data-e-type=\"widget\" data-widget_type=\"spacer.default\">\n\t\t\t\t<div class=\"elementor-widget-container\">\n\t\t\t\t\t\t\t<div class=\"elementor-spacer\">\n\t\t\t<div class=\"elementor-spacer-inner\"><\/div>\n\t\t<\/div>\n\t\t\t\t\t\t<\/div>\n\t\t\t\t<\/div>\n\t\t\t\t\t<\/div>\n\t\t\t\t<\/div>\n\t\t\t\t<\/div>\n\t\t","protected":false},"excerpt":{"rendered":"<p>Misi\u00f3n, Visi\u00f3n y Objetivos Misi\u00f3n. Organizar e instrumentar el sistema archiv\u00edstico del estado a trav\u00e9s de un m\u00e9todo de gesti\u00f3n que permita el manejo accesible y transparente del patrimonio documental, garantizando su conservaci\u00f3n y difusi\u00f3n a la ciudadan\u00eda de conformidad con la legislaci\u00f3n en la materia. Visi\u00f3n. Ser un organismo innovador y de referencia para &#8230; <a title=\"Misi\u00f3n, Visi\u00f3n  Objetivos\" class=\"read-more\" href=\"https:\/\/agqroo.qroo.gob.mx\/index.php\/mision-vision-objetivos\/\" aria-label=\"Leer m\u00e1s sobre Misi\u00f3n, Visi\u00f3n  Objetivos\">Leer m\u00e1s<\/a><\/p>\n","protected":false},"author":11,"featured_media":0,"parent":0,"menu_order":0,"comment_status":"closed","ping_status":"closed","template":"","meta":{"footnotes":""},"class_list":["post-36903","page","type-page","status-publish"],"yoast_head":"<!-- This site is optimized with the Yoast SEO plugin v27.3 - https:\/\/yoast.com\/product\/yoast-seo-wordpress\/ -->\n<title>Misi\u00f3n, Visi\u00f3n Objetivos - Archivo General del Estado de Quintana Roo<\/title>\n<meta name=\"robots\" content=\"index, follow, max-snippet:-1, max-image-preview:large, max-video-preview:-1\" \/>\n<link rel=\"canonical\" href=\"https:\/\/agqroo.qroo.gob.mx\/index.php\/mision-vision-objetivos\/\" \/>\n<meta property=\"og:locale\" content=\"es_MX\" \/>\n<meta property=\"og:type\" content=\"article\" \/>\n<meta property=\"og:title\" content=\"Misi\u00f3n, Visi\u00f3n Objetivos - Archivo General del Estado de Quintana Roo\" \/>\n<meta property=\"og:description\" content=\"Misi\u00f3n, Visi\u00f3n y Objetivos Misi\u00f3n. Organizar e instrumentar el sistema archiv\u00edstico del estado a trav\u00e9s de un m\u00e9todo de gesti\u00f3n que permita el manejo accesible y transparente del patrimonio documental, garantizando su conservaci\u00f3n y difusi\u00f3n a la ciudadan\u00eda de conformidad con la legislaci\u00f3n en la materia. Visi\u00f3n. Ser un organismo innovador y de referencia para ... Leer m\u00e1s\" \/>\n<meta property=\"og:url\" content=\"https:\/\/agqroo.qroo.gob.mx\/index.php\/mision-vision-objetivos\/\" \/>\n<meta property=\"og:site_name\" content=\"Archivo General del Estado de Quintana Roo\" \/>\n<meta property=\"article:modified_time\" content=\"2025-09-09T20:14:16+00:00\" \/>\n<meta name=\"twitter:card\" content=\"summary_large_image\" \/>\n<meta name=\"twitter:label1\" content=\"Tiempo de lectura\" \/>\n\t<meta name=\"twitter:data1\" content=\"1 minuto\" \/>\n<script type=\"application\/ld+json\" class=\"yoast-schema-graph\">{\"@context\":\"https:\\\/\\\/schema.org\",\"@graph\":[{\"@type\":\"WebPage\",\"@id\":\"https:\\\/\\\/agqroo.qroo.gob.mx\\\/index.php\\\/mision-vision-objetivos\\\/\",\"url\":\"https:\\\/\\\/agqroo.qroo.gob.mx\\\/index.php\\\/mision-vision-objetivos\\\/\",\"name\":\"Misi\u00f3n, Visi\u00f3n Objetivos - Archivo General del Estado de Quintana Roo\",\"isPartOf\":{\"@id\":\"https:\\\/\\\/agqroo.qroo.gob.mx\\\/#website\"},\"datePublished\":\"2025-07-04T14:09:44+00:00\",\"dateModified\":\"2025-09-09T20:14:16+00:00\",\"breadcrumb\":{\"@id\":\"https:\\\/\\\/agqroo.qroo.gob.mx\\\/index.php\\\/mision-vision-objetivos\\\/#breadcrumb\"},\"inLanguage\":\"es\",\"potentialAction\":[{\"@type\":\"ReadAction\",\"target\":[\"https:\\\/\\\/agqroo.qroo.gob.mx\\\/index.php\\\/mision-vision-objetivos\\\/\"]}]},{\"@type\":\"BreadcrumbList\",\"@id\":\"https:\\\/\\\/agqroo.qroo.gob.mx\\\/index.php\\\/mision-vision-objetivos\\\/#breadcrumb\",\"itemListElement\":[{\"@type\":\"ListItem\",\"position\":1,\"name\":\"Inicio\",\"item\":\"https:\\\/\\\/agqroo.qroo.gob.mx\\\/\"},{\"@type\":\"ListItem\",\"position\":2,\"name\":\"Misi\u00f3n, Visi\u00f3n Objetivos\"}]},{\"@type\":\"WebSite\",\"@id\":\"https:\\\/\\\/agqroo.qroo.gob.mx\\\/#website\",\"url\":\"https:\\\/\\\/agqroo.qroo.gob.mx\\\/\",\"name\":\"Archivo General del Estado de Quintana Roo\",\"description\":\"\",\"publisher\":{\"@id\":\"https:\\\/\\\/agqroo.qroo.gob.mx\\\/#organization\"},\"potentialAction\":[{\"@type\":\"SearchAction\",\"target\":{\"@type\":\"EntryPoint\",\"urlTemplate\":\"https:\\\/\\\/agqroo.qroo.gob.mx\\\/?s={search_term_string}\"},\"query-input\":{\"@type\":\"PropertyValueSpecification\",\"valueRequired\":true,\"valueName\":\"search_term_string\"}}],\"inLanguage\":\"es\"},{\"@type\":\"Organization\",\"@id\":\"https:\\\/\\\/agqroo.qroo.gob.mx\\\/#organization\",\"name\":\"Archivo General del Estado de Quintana Roo\",\"url\":\"https:\\\/\\\/agqroo.qroo.gob.mx\\\/\",\"logo\":{\"@type\":\"ImageObject\",\"inLanguage\":\"es\",\"@id\":\"https:\\\/\\\/agqroo.qroo.gob.mx\\\/#\\\/schema\\\/logo\\\/image\\\/\",\"url\":\"https:\\\/\\\/agqroo.qroo.gob.mx\\\/wp-content\\\/uploads\\\/2024\\\/06\\\/AGQROO.png\",\"contentUrl\":\"https:\\\/\\\/agqroo.qroo.gob.mx\\\/wp-content\\\/uploads\\\/2024\\\/06\\\/AGQROO.png\",\"width\":1920,\"height\":1080,\"caption\":\"Archivo General del Estado de Quintana Roo\"},\"image\":{\"@id\":\"https:\\\/\\\/agqroo.qroo.gob.mx\\\/#\\\/schema\\\/logo\\\/image\\\/\"}}]}<\/script>\n<!-- \/ Yoast SEO plugin. -->","yoast_head_json":{"title":"Misi\u00f3n, Visi\u00f3n Objetivos - Archivo General del Estado de Quintana Roo","robots":{"index":"index","follow":"follow","max-snippet":"max-snippet:-1","max-image-preview":"max-image-preview:large","max-video-preview":"max-video-preview:-1"},"canonical":"https:\/\/agqroo.qroo.gob.mx\/index.php\/mision-vision-objetivos\/","og_locale":"es_MX","og_type":"article","og_title":"Misi\u00f3n, Visi\u00f3n Objetivos - Archivo General del Estado de Quintana Roo","og_description":"Misi\u00f3n, Visi\u00f3n y Objetivos Misi\u00f3n. Organizar e instrumentar el sistema archiv\u00edstico del estado a trav\u00e9s de un m\u00e9todo de gesti\u00f3n que permita el manejo accesible y transparente del patrimonio documental, garantizando su conservaci\u00f3n y difusi\u00f3n a la ciudadan\u00eda de conformidad con la legislaci\u00f3n en la materia. Visi\u00f3n. Ser un organismo innovador y de referencia para ... Leer m\u00e1s","og_url":"https:\/\/agqroo.qroo.gob.mx\/index.php\/mision-vision-objetivos\/","og_site_name":"Archivo General del Estado de Quintana Roo","article_modified_time":"2025-09-09T20:14:16+00:00","twitter_card":"summary_large_image","twitter_misc":{"Tiempo de lectura":"1 minuto"},"schema":{"@context":"https:\/\/schema.org","@graph":[{"@type":"WebPage","@id":"https:\/\/agqroo.qroo.gob.mx\/index.php\/mision-vision-objetivos\/","url":"https:\/\/agqroo.qroo.gob.mx\/index.php\/mision-vision-objetivos\/","name":"Misi\u00f3n, Visi\u00f3n Objetivos - Archivo General del Estado de Quintana Roo","isPartOf":{"@id":"https:\/\/agqroo.qroo.gob.mx\/#website"},"datePublished":"2025-07-04T14:09:44+00:00","dateModified":"2025-09-09T20:14:16+00:00","breadcrumb":{"@id":"https:\/\/agqroo.qroo.gob.mx\/index.php\/mision-vision-objetivos\/#breadcrumb"},"inLanguage":"es","potentialAction":[{"@type":"ReadAction","target":["https:\/\/agqroo.qroo.gob.mx\/index.php\/mision-vision-objetivos\/"]}]},{"@type":"BreadcrumbList","@id":"https:\/\/agqroo.qroo.gob.mx\/index.php\/mision-vision-objetivos\/#breadcrumb","itemListElement":[{"@type":"ListItem","position":1,"name":"Inicio","item":"https:\/\/agqroo.qroo.gob.mx\/"},{"@type":"ListItem","position":2,"name":"Misi\u00f3n, Visi\u00f3n Objetivos"}]},{"@type":"WebSite","@id":"https:\/\/agqroo.qroo.gob.mx\/#website","url":"https:\/\/agqroo.qroo.gob.mx\/","name":"Archivo General del Estado de Quintana Roo","description":"","publisher":{"@id":"https:\/\/agqroo.qroo.gob.mx\/#organization"},"potentialAction":[{"@type":"SearchAction","target":{"@type":"EntryPoint","urlTemplate":"https:\/\/agqroo.qroo.gob.mx\/?s={search_term_string}"},"query-input":{"@type":"PropertyValueSpecification","valueRequired":true,"valueName":"search_term_string"}}],"inLanguage":"es"},{"@type":"Organization","@id":"https:\/\/agqroo.qroo.gob.mx\/#organization","name":"Archivo General del Estado de Quintana Roo","url":"https:\/\/agqroo.qroo.gob.mx\/","logo":{"@type":"ImageObject","inLanguage":"es","@id":"https:\/\/agqroo.qroo.gob.mx\/#\/schema\/logo\/image\/","url":"https:\/\/agqroo.qroo.gob.mx\/wp-content\/uploads\/2024\/06\/AGQROO.png","contentUrl":"https:\/\/agqroo.qroo.gob.mx\/wp-content\/uploads\/2024\/06\/AGQROO.png","width":1920,"height":1080,"caption":"Archivo General del Estado de Quintana Roo"},"image":{"@id":"https:\/\/agqroo.qroo.gob.mx\/#\/schema\/logo\/image\/"}}]}},"_links":{"self":[{"href":"https:\/\/agqroo.qroo.gob.mx\/index.php\/wp-json\/wp\/v2\/pages\/36903","targetHints":{"allow":["GET"]}}],"collection":[{"href":"https:\/\/agqroo.qroo.gob.mx\/index.php\/wp-json\/wp\/v2\/pages"}],"about":[{"href":"https:\/\/agqroo.qroo.gob.mx\/index.php\/wp-json\/wp\/v2\/types\/page"}],"author":[{"embeddable":true,"href":"https:\/\/agqroo.qroo.gob.mx\/index.php\/wp-json\/wp\/v2\/users\/11"}],"replies":[{"embeddable":true,"href":"https:\/\/agqroo.qroo.gob.mx\/index.php\/wp-json\/wp\/v2\/comments?post=36903"}],"version-history":[{"count":7,"href":"https:\/\/agqroo.qroo.gob.mx\/index.php\/wp-json\/wp\/v2\/pages\/36903\/revisions"}],"predecessor-version":[{"id":37003,"href":"https:\/\/agqroo.qroo.gob.mx\/index.php\/wp-json\/wp\/v2\/pages\/36903\/revisions\/37003"}],"wp:attachment":[{"href":"https:\/\/agqroo.qroo.gob.mx\/index.php\/wp-json\/wp\/v2\/media?parent=36903"}],"curies":[{"name":"wp","href":"https:\/\/api.w.org\/{rel}","templated":true}]}}