{"id":36850,"date":"2025-06-23T16:22:08","date_gmt":"2025-06-23T21:22:08","guid":{"rendered":"https:\/\/agqroo.qroo.gob.mx\/?page_id=36850"},"modified":"2025-10-01T10:18:24","modified_gmt":"2025-10-01T15:18:24","slug":"capacitacion","status":"publish","type":"page","link":"https:\/\/agqroo.qroo.gob.mx\/index.php\/capacitacion\/","title":{"rendered":"Capacitacion"},"content":{"rendered":"\t\t<div data-elementor-type=\"wp-page\" data-elementor-id=\"36850\" class=\"elementor elementor-36850\">\n\t\t\t\t<div class=\"elementor-element elementor-element-249a351 e-flex e-con-boxed e-con e-parent\" data-id=\"249a351\" data-element_type=\"container\" data-e-type=\"container\">\n\t\t\t\t\t<div class=\"e-con-inner\">\n\t\t\t\t<div class=\"elementor-element elementor-element-9cddc65 elementor-widget elementor-widget-heading\" data-id=\"9cddc65\" data-element_type=\"widget\" data-e-type=\"widget\" data-widget_type=\"heading.default\">\n\t\t\t\t<div class=\"elementor-widget-container\">\n\t\t\t\t\t<h2 class=\"elementor-heading-title elementor-size-default\">Ofertas de Capacitaci\u00f3n<\/h2>\t\t\t\t<\/div>\n\t\t\t\t<\/div>\n\t\t\t\t<div class=\"elementor-element elementor-element-b258464 elementor-widget elementor-widget-text-editor\" data-id=\"b258464\" data-element_type=\"widget\" data-e-type=\"widget\" data-widget_type=\"text-editor.default\">\n\t\t\t\t<div class=\"elementor-widget-container\">\n\t\t\t\t\t\t\t\t\t<table><tbody><tr><th>Curso<\/th><th>Carta Descriptiva<\/th><\/tr><tr><td>1.-Archivo de Tr\u00e1mite.<\/td><td><a href=\"https:\/\/agqroo.qroo.gob.mx\/wp-content\/uploads\/2025\/06\/Archivo-de-Tramite.pdf\">Archivo de Tr\u00e1mite.<\/a><\/td><\/tr><tr><td>2.-Ley General de Archivos.<\/td><td><a href=\"https:\/\/agqroo.qroo.gob.mx\/wp-content\/uploads\/2025\/06\/LeyGeneraldeArchivos.pdf\">Ley General de Archivos.<\/a><\/td><\/tr><tr><td>3.-Metodolog\u00eda para la elaboraci\u00f3n del Cuadro General de Clasificaci\u00f3n.<\/td><td><a href=\"https:\/\/agqroo.qroo.gob.mx\/wp-content\/uploads\/2025\/06\/MetodologiaEleboracionCuadroGeneral.pdf\">Metodolog\u00eda para la elaboraci\u00f3n del Cuadro General de Clasificaci\u00f3n.<\/a><\/td><\/tr><tr><td>4.-Metodolog\u00eda para la elaboraci\u00f3n del Cat\u00e1logo de Disposici\u00f3n Documental.<\/td><td><a href=\"https:\/\/agqroo.qroo.gob.mx\/wp-content\/uploads\/2025\/06\/MetodologiaEleboracionCatalogoDispoDocu.pdf\">Metodolog\u00eda para la elaboraci\u00f3n del Cat\u00e1logo de Disposici\u00f3n Documental.<\/a><\/td><\/tr><tr><td>5.-Valoraci\u00f3n Documental.<\/td><td><a href=\"https:\/\/agqroo.qroo.gob.mx\/wp-content\/uploads\/2025\/06\/ValoracionDocumental.pdf\">Valoraci\u00f3n Documental.<\/a><\/td><\/tr><tr><td>6.-Unidad de Correspondencia.<\/td><td><a href=\"https:\/\/agqroo.qroo.gob.mx\/wp-content\/uploads\/2025\/06\/UnidadCorrespondencia.pdf\">Unidad de Correspondencia.<\/a><\/td><\/tr><tr><td>7.- Archivo de Concentraci\u00f3n.<\/td><td><a href=\"https:\/\/agqroo.qroo.gob.mx\/wp-content\/uploads\/2025\/06\/ArchivodeConcentracion.pdf\">Archivo de Concentraci\u00f3n.<\/a><\/td><\/tr><\/tbody><\/table>\t\t\t\t\t\t\t\t<\/div>\n\t\t\t\t<\/div>\n\t\t\t\t<div class=\"elementor-element elementor-element-af8f38e elementor-widget elementor-widget-spacer\" data-id=\"af8f38e\" data-element_type=\"widget\" data-e-type=\"widget\" data-widget_type=\"spacer.default\">\n\t\t\t\t<div class=\"elementor-widget-container\">\n\t\t\t\t\t\t\t<div class=\"elementor-spacer\">\n\t\t\t<div class=\"elementor-spacer-inner\"><\/div>\n\t\t<\/div>\n\t\t\t\t\t\t<\/div>\n\t\t\t\t<\/div>\n\t\t\t\t\t<\/div>\n\t\t\t\t<\/div>\n\t\t\t\t<\/div>\n\t\t","protected":false},"excerpt":{"rendered":"<p>Ofertas de Capacitaci\u00f3n Curso Carta Descriptiva 1.-Archivo de Tr\u00e1mite. Archivo de Tr\u00e1mite. 2.-Ley General de Archivos. Ley General de Archivos. 3.-Metodolog\u00eda para la elaboraci\u00f3n del Cuadro General de Clasificaci\u00f3n. Metodolog\u00eda para la elaboraci\u00f3n del Cuadro General de Clasificaci\u00f3n. 4.-Metodolog\u00eda para la elaboraci\u00f3n del Cat\u00e1logo de Disposici\u00f3n Documental. Metodolog\u00eda para la elaboraci\u00f3n del Cat\u00e1logo de Disposici\u00f3n &#8230; <a title=\"Capacitacion\" class=\"read-more\" href=\"https:\/\/agqroo.qroo.gob.mx\/index.php\/capacitacion\/\" aria-label=\"Leer m\u00e1s sobre Capacitacion\">Leer m\u00e1s<\/a><\/p>\n","protected":false},"author":11,"featured_media":0,"parent":0,"menu_order":0,"comment_status":"closed","ping_status":"closed","template":"","meta":{"footnotes":""},"class_list":["post-36850","page","type-page","status-publish"],"yoast_head":"<!-- This site is optimized with the Yoast SEO plugin v27.3 - https:\/\/yoast.com\/product\/yoast-seo-wordpress\/ -->\n<title>Capacitacion - Archivo General del Estado de Quintana Roo<\/title>\n<meta name=\"robots\" content=\"index, follow, max-snippet:-1, max-image-preview:large, max-video-preview:-1\" \/>\n<link rel=\"canonical\" href=\"https:\/\/agqroo.qroo.gob.mx\/index.php\/capacitacion\/\" \/>\n<meta property=\"og:locale\" content=\"es_MX\" \/>\n<meta property=\"og:type\" content=\"article\" \/>\n<meta property=\"og:title\" content=\"Capacitacion - Archivo General del Estado de Quintana Roo\" \/>\n<meta property=\"og:description\" content=\"Ofertas de Capacitaci\u00f3n Curso Carta Descriptiva 1.-Archivo de Tr\u00e1mite. Archivo de Tr\u00e1mite. 2.-Ley General de Archivos. Ley General de Archivos. 3.-Metodolog\u00eda para la elaboraci\u00f3n del Cuadro General de Clasificaci\u00f3n. Metodolog\u00eda para la elaboraci\u00f3n del Cuadro General de Clasificaci\u00f3n. 4.-Metodolog\u00eda para la elaboraci\u00f3n del Cat\u00e1logo de Disposici\u00f3n Documental. Metodolog\u00eda para la elaboraci\u00f3n del Cat\u00e1logo de Disposici\u00f3n ... Leer m\u00e1s\" \/>\n<meta property=\"og:url\" content=\"https:\/\/agqroo.qroo.gob.mx\/index.php\/capacitacion\/\" \/>\n<meta property=\"og:site_name\" content=\"Archivo General del Estado de Quintana Roo\" \/>\n<meta property=\"article:modified_time\" content=\"2025-10-01T15:18:24+00:00\" \/>\n<meta name=\"twitter:card\" content=\"summary_large_image\" \/>\n<meta name=\"twitter:label1\" content=\"Tiempo de lectura\" \/>\n\t<meta name=\"twitter:data1\" content=\"1 minuto\" \/>\n<script type=\"application\/ld+json\" class=\"yoast-schema-graph\">{\"@context\":\"https:\\\/\\\/schema.org\",\"@graph\":[{\"@type\":\"WebPage\",\"@id\":\"https:\\\/\\\/agqroo.qroo.gob.mx\\\/index.php\\\/capacitacion\\\/\",\"url\":\"https:\\\/\\\/agqroo.qroo.gob.mx\\\/index.php\\\/capacitacion\\\/\",\"name\":\"Capacitacion - Archivo General del Estado de Quintana Roo\",\"isPartOf\":{\"@id\":\"https:\\\/\\\/agqroo.qroo.gob.mx\\\/#website\"},\"datePublished\":\"2025-06-23T21:22:08+00:00\",\"dateModified\":\"2025-10-01T15:18:24+00:00\",\"breadcrumb\":{\"@id\":\"https:\\\/\\\/agqroo.qroo.gob.mx\\\/index.php\\\/capacitacion\\\/#breadcrumb\"},\"inLanguage\":\"es\",\"potentialAction\":[{\"@type\":\"ReadAction\",\"target\":[\"https:\\\/\\\/agqroo.qroo.gob.mx\\\/index.php\\\/capacitacion\\\/\"]}]},{\"@type\":\"BreadcrumbList\",\"@id\":\"https:\\\/\\\/agqroo.qroo.gob.mx\\\/index.php\\\/capacitacion\\\/#breadcrumb\",\"itemListElement\":[{\"@type\":\"ListItem\",\"position\":1,\"name\":\"Inicio\",\"item\":\"https:\\\/\\\/agqroo.qroo.gob.mx\\\/\"},{\"@type\":\"ListItem\",\"position\":2,\"name\":\"Capacitacion\"}]},{\"@type\":\"WebSite\",\"@id\":\"https:\\\/\\\/agqroo.qroo.gob.mx\\\/#website\",\"url\":\"https:\\\/\\\/agqroo.qroo.gob.mx\\\/\",\"name\":\"Archivo General del Estado de Quintana Roo\",\"description\":\"\",\"publisher\":{\"@id\":\"https:\\\/\\\/agqroo.qroo.gob.mx\\\/#organization\"},\"potentialAction\":[{\"@type\":\"SearchAction\",\"target\":{\"@type\":\"EntryPoint\",\"urlTemplate\":\"https:\\\/\\\/agqroo.qroo.gob.mx\\\/?s={search_term_string}\"},\"query-input\":{\"@type\":\"PropertyValueSpecification\",\"valueRequired\":true,\"valueName\":\"search_term_string\"}}],\"inLanguage\":\"es\"},{\"@type\":\"Organization\",\"@id\":\"https:\\\/\\\/agqroo.qroo.gob.mx\\\/#organization\",\"name\":\"Archivo General del Estado de Quintana Roo\",\"url\":\"https:\\\/\\\/agqroo.qroo.gob.mx\\\/\",\"logo\":{\"@type\":\"ImageObject\",\"inLanguage\":\"es\",\"@id\":\"https:\\\/\\\/agqroo.qroo.gob.mx\\\/#\\\/schema\\\/logo\\\/image\\\/\",\"url\":\"https:\\\/\\\/agqroo.qroo.gob.mx\\\/wp-content\\\/uploads\\\/2024\\\/06\\\/AGQROO.png\",\"contentUrl\":\"https:\\\/\\\/agqroo.qroo.gob.mx\\\/wp-content\\\/uploads\\\/2024\\\/06\\\/AGQROO.png\",\"width\":1920,\"height\":1080,\"caption\":\"Archivo General del Estado de Quintana Roo\"},\"image\":{\"@id\":\"https:\\\/\\\/agqroo.qroo.gob.mx\\\/#\\\/schema\\\/logo\\\/image\\\/\"}}]}<\/script>\n<!-- \/ Yoast SEO plugin. -->","yoast_head_json":{"title":"Capacitacion - Archivo General del Estado de Quintana Roo","robots":{"index":"index","follow":"follow","max-snippet":"max-snippet:-1","max-image-preview":"max-image-preview:large","max-video-preview":"max-video-preview:-1"},"canonical":"https:\/\/agqroo.qroo.gob.mx\/index.php\/capacitacion\/","og_locale":"es_MX","og_type":"article","og_title":"Capacitacion - Archivo General del Estado de Quintana Roo","og_description":"Ofertas de Capacitaci\u00f3n Curso Carta Descriptiva 1.-Archivo de Tr\u00e1mite. Archivo de Tr\u00e1mite. 2.-Ley General de Archivos. Ley General de Archivos. 3.-Metodolog\u00eda para la elaboraci\u00f3n del Cuadro General de Clasificaci\u00f3n. Metodolog\u00eda para la elaboraci\u00f3n del Cuadro General de Clasificaci\u00f3n. 4.-Metodolog\u00eda para la elaboraci\u00f3n del Cat\u00e1logo de Disposici\u00f3n Documental. Metodolog\u00eda para la elaboraci\u00f3n del Cat\u00e1logo de Disposici\u00f3n ... Leer m\u00e1s","og_url":"https:\/\/agqroo.qroo.gob.mx\/index.php\/capacitacion\/","og_site_name":"Archivo General del Estado de Quintana Roo","article_modified_time":"2025-10-01T15:18:24+00:00","twitter_card":"summary_large_image","twitter_misc":{"Tiempo de lectura":"1 minuto"},"schema":{"@context":"https:\/\/schema.org","@graph":[{"@type":"WebPage","@id":"https:\/\/agqroo.qroo.gob.mx\/index.php\/capacitacion\/","url":"https:\/\/agqroo.qroo.gob.mx\/index.php\/capacitacion\/","name":"Capacitacion - Archivo General del Estado de Quintana Roo","isPartOf":{"@id":"https:\/\/agqroo.qroo.gob.mx\/#website"},"datePublished":"2025-06-23T21:22:08+00:00","dateModified":"2025-10-01T15:18:24+00:00","breadcrumb":{"@id":"https:\/\/agqroo.qroo.gob.mx\/index.php\/capacitacion\/#breadcrumb"},"inLanguage":"es","potentialAction":[{"@type":"ReadAction","target":["https:\/\/agqroo.qroo.gob.mx\/index.php\/capacitacion\/"]}]},{"@type":"BreadcrumbList","@id":"https:\/\/agqroo.qroo.gob.mx\/index.php\/capacitacion\/#breadcrumb","itemListElement":[{"@type":"ListItem","position":1,"name":"Inicio","item":"https:\/\/agqroo.qroo.gob.mx\/"},{"@type":"ListItem","position":2,"name":"Capacitacion"}]},{"@type":"WebSite","@id":"https:\/\/agqroo.qroo.gob.mx\/#website","url":"https:\/\/agqroo.qroo.gob.mx\/","name":"Archivo General del Estado de Quintana Roo","description":"","publisher":{"@id":"https:\/\/agqroo.qroo.gob.mx\/#organization"},"potentialAction":[{"@type":"SearchAction","target":{"@type":"EntryPoint","urlTemplate":"https:\/\/agqroo.qroo.gob.mx\/?s={search_term_string}"},"query-input":{"@type":"PropertyValueSpecification","valueRequired":true,"valueName":"search_term_string"}}],"inLanguage":"es"},{"@type":"Organization","@id":"https:\/\/agqroo.qroo.gob.mx\/#organization","name":"Archivo General del Estado de Quintana Roo","url":"https:\/\/agqroo.qroo.gob.mx\/","logo":{"@type":"ImageObject","inLanguage":"es","@id":"https:\/\/agqroo.qroo.gob.mx\/#\/schema\/logo\/image\/","url":"https:\/\/agqroo.qroo.gob.mx\/wp-content\/uploads\/2024\/06\/AGQROO.png","contentUrl":"https:\/\/agqroo.qroo.gob.mx\/wp-content\/uploads\/2024\/06\/AGQROO.png","width":1920,"height":1080,"caption":"Archivo General del Estado de Quintana Roo"},"image":{"@id":"https:\/\/agqroo.qroo.gob.mx\/#\/schema\/logo\/image\/"}}]}},"_links":{"self":[{"href":"https:\/\/agqroo.qroo.gob.mx\/index.php\/wp-json\/wp\/v2\/pages\/36850","targetHints":{"allow":["GET"]}}],"collection":[{"href":"https:\/\/agqroo.qroo.gob.mx\/index.php\/wp-json\/wp\/v2\/pages"}],"about":[{"href":"https:\/\/agqroo.qroo.gob.mx\/index.php\/wp-json\/wp\/v2\/types\/page"}],"author":[{"embeddable":true,"href":"https:\/\/agqroo.qroo.gob.mx\/index.php\/wp-json\/wp\/v2\/users\/11"}],"replies":[{"embeddable":true,"href":"https:\/\/agqroo.qroo.gob.mx\/index.php\/wp-json\/wp\/v2\/comments?post=36850"}],"version-history":[{"count":10,"href":"https:\/\/agqroo.qroo.gob.mx\/index.php\/wp-json\/wp\/v2\/pages\/36850\/revisions"}],"predecessor-version":[{"id":37156,"href":"https:\/\/agqroo.qroo.gob.mx\/index.php\/wp-json\/wp\/v2\/pages\/36850\/revisions\/37156"}],"wp:attachment":[{"href":"https:\/\/agqroo.qroo.gob.mx\/index.php\/wp-json\/wp\/v2\/media?parent=36850"}],"curies":[{"name":"wp","href":"https:\/\/api.w.org\/{rel}","templated":true}]}}