{"id":36152,"date":"2024-09-11T11:40:03","date_gmt":"2024-09-11T16:40:03","guid":{"rendered":"https:\/\/agqroo.qroo.gob.mx\/?page_id=36152"},"modified":"2025-03-07T13:41:58","modified_gmt":"2025-03-07T18:41:58","slug":"instrumentos-archivisticos","status":"publish","type":"page","link":"https:\/\/agqroo.qroo.gob.mx\/index.php\/instrumentos-archivisticos\/","title":{"rendered":"Instrumentos Archiv\u00edsticos"},"content":{"rendered":"\t\t<div data-elementor-type=\"wp-page\" data-elementor-id=\"36152\" class=\"elementor elementor-36152\">\n\t\t\t\t<div class=\"elementor-element elementor-element-0024a55 e-flex e-con-boxed e-con e-parent\" data-id=\"0024a55\" data-element_type=\"container\" data-e-type=\"container\">\n\t\t\t\t\t<div class=\"e-con-inner\">\n\t\t\t\t<div class=\"elementor-element elementor-element-8979879 elementor-widget elementor-widget-heading\" data-id=\"8979879\" data-element_type=\"widget\" data-e-type=\"widget\" data-widget_type=\"heading.default\">\n\t\t\t\t<div class=\"elementor-widget-container\">\n\t\t\t\t\t<h1 class=\"elementor-heading-title elementor-size-default\">Instrumentos Archv\u00edsticos<\/h1>\t\t\t\t<\/div>\n\t\t\t\t<\/div>\n\t\t\t\t\t<\/div>\n\t\t\t\t<\/div>\n\t\t<div class=\"elementor-element elementor-element-c4c2bac e-flex e-con-boxed e-con e-parent\" data-id=\"c4c2bac\" data-element_type=\"container\" data-e-type=\"container\">\n\t\t\t\t\t<div class=\"e-con-inner\">\n\t\t\t\t<div class=\"elementor-element elementor-element-0c36e20 elementor-widget elementor-widget-text-editor\" data-id=\"0c36e20\" data-element_type=\"widget\" data-e-type=\"widget\" data-widget_type=\"text-editor.default\">\n\t\t\t\t<div class=\"elementor-widget-container\">\n\t\t\t\t\t\t\t\t\t<ol><li><a href=\"https:\/\/agqroo.qroo.gob.mx\/wp-content\/uploads\/2024\/09\/INVENTARIO-AGQROO_2023.pdf\">Inventario de Archivo de Tr\u00e1mite<\/a><\/li><li><a href=\"https:\/\/agqroo.qroo.gob.mx\/wp-content\/uploads\/2024\/09\/CUADRO-GENERAL-DE-CLASIFICACION-AGQROO_2023.pdf\">Cuadro General de Clasificaci\u00f3n<\/a><\/li><li><a href=\"https:\/\/agqroo.qroo.gob.mx\/wp-content\/uploads\/2024\/09\/PADA-AGQROO_2023.pdf\">Programa de Desarrollo Archiv\u00edstico<\/a><\/li><li><a href=\"https:\/\/agqroo.qroo.gob.mx\/wp-content\/uploads\/2024\/09\/GUIA-SIMPLE-DE-TRAMITE-DEL-AGEQROO-2023.pdf\">Gu\u00eda Simple de Archivo de Tr\u00e1mite<\/a><\/li><li><a href=\"https:\/\/agqroo.qroo.gob.mx\/wp-content\/uploads\/2024\/09\/CATALOGO-DE-DISPOSICION-DOCUMENTAL-AGQROO_2023.pdf\">Cat\u00e1logo de Disposici\u00f3n Documental<\/a><\/li><\/ol><div>\u00a0<\/div><div>\u00a0<\/div><div>\u00a0<\/div><div>\u00a0<\/div><div>\u00a0<\/div><div>\u00a0<\/div><div>\u00a0<\/div><div>\u00a0<\/div><div>\u00a0<\/div><div>\u00a0<\/div><div>\u00a0<\/div><div>\u00a0<\/div><div>\u00a0<\/div><div>\u00a0<\/div>\t\t\t\t\t\t\t\t<\/div>\n\t\t\t\t<\/div>\n\t\t\t\t\t<\/div>\n\t\t\t\t<\/div>\n\t\t\t\t<\/div>\n\t\t","protected":false},"excerpt":{"rendered":"<p>Instrumentos Archv\u00edsticos Inventario de Archivo de Tr\u00e1mite Cuadro General de Clasificaci\u00f3n Programa de Desarrollo Archiv\u00edstico Gu\u00eda Simple de Archivo de Tr\u00e1mite Cat\u00e1logo de Disposici\u00f3n Documental \u00a0\u00a0\u00a0\u00a0\u00a0\u00a0\u00a0\u00a0\u00a0\u00a0\u00a0\u00a0\u00a0\u00a0<\/p>\n","protected":false},"author":6,"featured_media":0,"parent":0,"menu_order":0,"comment_status":"closed","ping_status":"closed","template":"","meta":{"footnotes":""},"class_list":["post-36152","page","type-page","status-publish"],"yoast_head":"<!-- This site is optimized with the Yoast SEO plugin v27.3 - https:\/\/yoast.com\/product\/yoast-seo-wordpress\/ -->\n<title>Instrumentos Archiv\u00edsticos - Archivo General del Estado de Quintana Roo<\/title>\n<meta name=\"robots\" content=\"index, follow, max-snippet:-1, max-image-preview:large, max-video-preview:-1\" \/>\n<link rel=\"canonical\" href=\"https:\/\/agqroo.qroo.gob.mx\/index.php\/instrumentos-archivisticos\/\" \/>\n<meta property=\"og:locale\" content=\"es_MX\" \/>\n<meta property=\"og:type\" content=\"article\" \/>\n<meta property=\"og:title\" content=\"Instrumentos Archiv\u00edsticos - Archivo General del Estado de Quintana Roo\" \/>\n<meta property=\"og:description\" content=\"Instrumentos Archv\u00edsticos Inventario de Archivo de Tr\u00e1mite Cuadro General de Clasificaci\u00f3n Programa de Desarrollo Archiv\u00edstico Gu\u00eda Simple de Archivo de Tr\u00e1mite Cat\u00e1logo de Disposici\u00f3n Documental \u00a0\u00a0\u00a0\u00a0\u00a0\u00a0\u00a0\u00a0\u00a0\u00a0\u00a0\u00a0\u00a0\u00a0\" \/>\n<meta property=\"og:url\" content=\"https:\/\/agqroo.qroo.gob.mx\/index.php\/instrumentos-archivisticos\/\" \/>\n<meta property=\"og:site_name\" content=\"Archivo General del Estado de Quintana Roo\" \/>\n<meta property=\"article:modified_time\" content=\"2025-03-07T18:41:58+00:00\" \/>\n<meta name=\"twitter:card\" content=\"summary_large_image\" \/>\n<meta name=\"twitter:label1\" content=\"Tiempo de lectura\" \/>\n\t<meta name=\"twitter:data1\" content=\"1 minuto\" \/>\n<script type=\"application\/ld+json\" class=\"yoast-schema-graph\">{\"@context\":\"https:\\\/\\\/schema.org\",\"@graph\":[{\"@type\":\"WebPage\",\"@id\":\"https:\\\/\\\/agqroo.qroo.gob.mx\\\/index.php\\\/instrumentos-archivisticos\\\/\",\"url\":\"https:\\\/\\\/agqroo.qroo.gob.mx\\\/index.php\\\/instrumentos-archivisticos\\\/\",\"name\":\"Instrumentos Archiv\u00edsticos - Archivo General del Estado de Quintana Roo\",\"isPartOf\":{\"@id\":\"https:\\\/\\\/agqroo.qroo.gob.mx\\\/#website\"},\"datePublished\":\"2024-09-11T16:40:03+00:00\",\"dateModified\":\"2025-03-07T18:41:58+00:00\",\"breadcrumb\":{\"@id\":\"https:\\\/\\\/agqroo.qroo.gob.mx\\\/index.php\\\/instrumentos-archivisticos\\\/#breadcrumb\"},\"inLanguage\":\"es\",\"potentialAction\":[{\"@type\":\"ReadAction\",\"target\":[\"https:\\\/\\\/agqroo.qroo.gob.mx\\\/index.php\\\/instrumentos-archivisticos\\\/\"]}]},{\"@type\":\"BreadcrumbList\",\"@id\":\"https:\\\/\\\/agqroo.qroo.gob.mx\\\/index.php\\\/instrumentos-archivisticos\\\/#breadcrumb\",\"itemListElement\":[{\"@type\":\"ListItem\",\"position\":1,\"name\":\"Inicio\",\"item\":\"https:\\\/\\\/agqroo.qroo.gob.mx\\\/\"},{\"@type\":\"ListItem\",\"position\":2,\"name\":\"Instrumentos Archiv\u00edsticos\"}]},{\"@type\":\"WebSite\",\"@id\":\"https:\\\/\\\/agqroo.qroo.gob.mx\\\/#website\",\"url\":\"https:\\\/\\\/agqroo.qroo.gob.mx\\\/\",\"name\":\"Archivo General del Estado de Quintana Roo\",\"description\":\"\",\"publisher\":{\"@id\":\"https:\\\/\\\/agqroo.qroo.gob.mx\\\/#organization\"},\"potentialAction\":[{\"@type\":\"SearchAction\",\"target\":{\"@type\":\"EntryPoint\",\"urlTemplate\":\"https:\\\/\\\/agqroo.qroo.gob.mx\\\/?s={search_term_string}\"},\"query-input\":{\"@type\":\"PropertyValueSpecification\",\"valueRequired\":true,\"valueName\":\"search_term_string\"}}],\"inLanguage\":\"es\"},{\"@type\":\"Organization\",\"@id\":\"https:\\\/\\\/agqroo.qroo.gob.mx\\\/#organization\",\"name\":\"Archivo General del Estado de Quintana Roo\",\"url\":\"https:\\\/\\\/agqroo.qroo.gob.mx\\\/\",\"logo\":{\"@type\":\"ImageObject\",\"inLanguage\":\"es\",\"@id\":\"https:\\\/\\\/agqroo.qroo.gob.mx\\\/#\\\/schema\\\/logo\\\/image\\\/\",\"url\":\"https:\\\/\\\/agqroo.qroo.gob.mx\\\/wp-content\\\/uploads\\\/2024\\\/06\\\/AGQROO.png\",\"contentUrl\":\"https:\\\/\\\/agqroo.qroo.gob.mx\\\/wp-content\\\/uploads\\\/2024\\\/06\\\/AGQROO.png\",\"width\":1920,\"height\":1080,\"caption\":\"Archivo General del Estado de Quintana Roo\"},\"image\":{\"@id\":\"https:\\\/\\\/agqroo.qroo.gob.mx\\\/#\\\/schema\\\/logo\\\/image\\\/\"}}]}<\/script>\n<!-- \/ Yoast SEO plugin. -->","yoast_head_json":{"title":"Instrumentos Archiv\u00edsticos - Archivo General del Estado de Quintana Roo","robots":{"index":"index","follow":"follow","max-snippet":"max-snippet:-1","max-image-preview":"max-image-preview:large","max-video-preview":"max-video-preview:-1"},"canonical":"https:\/\/agqroo.qroo.gob.mx\/index.php\/instrumentos-archivisticos\/","og_locale":"es_MX","og_type":"article","og_title":"Instrumentos Archiv\u00edsticos - Archivo General del Estado de Quintana Roo","og_description":"Instrumentos Archv\u00edsticos Inventario de Archivo de Tr\u00e1mite Cuadro General de Clasificaci\u00f3n Programa de Desarrollo Archiv\u00edstico Gu\u00eda Simple de Archivo de Tr\u00e1mite Cat\u00e1logo de Disposici\u00f3n Documental \u00a0\u00a0\u00a0\u00a0\u00a0\u00a0\u00a0\u00a0\u00a0\u00a0\u00a0\u00a0\u00a0\u00a0","og_url":"https:\/\/agqroo.qroo.gob.mx\/index.php\/instrumentos-archivisticos\/","og_site_name":"Archivo General del Estado de Quintana Roo","article_modified_time":"2025-03-07T18:41:58+00:00","twitter_card":"summary_large_image","twitter_misc":{"Tiempo de lectura":"1 minuto"},"schema":{"@context":"https:\/\/schema.org","@graph":[{"@type":"WebPage","@id":"https:\/\/agqroo.qroo.gob.mx\/index.php\/instrumentos-archivisticos\/","url":"https:\/\/agqroo.qroo.gob.mx\/index.php\/instrumentos-archivisticos\/","name":"Instrumentos Archiv\u00edsticos - Archivo General del Estado de Quintana Roo","isPartOf":{"@id":"https:\/\/agqroo.qroo.gob.mx\/#website"},"datePublished":"2024-09-11T16:40:03+00:00","dateModified":"2025-03-07T18:41:58+00:00","breadcrumb":{"@id":"https:\/\/agqroo.qroo.gob.mx\/index.php\/instrumentos-archivisticos\/#breadcrumb"},"inLanguage":"es","potentialAction":[{"@type":"ReadAction","target":["https:\/\/agqroo.qroo.gob.mx\/index.php\/instrumentos-archivisticos\/"]}]},{"@type":"BreadcrumbList","@id":"https:\/\/agqroo.qroo.gob.mx\/index.php\/instrumentos-archivisticos\/#breadcrumb","itemListElement":[{"@type":"ListItem","position":1,"name":"Inicio","item":"https:\/\/agqroo.qroo.gob.mx\/"},{"@type":"ListItem","position":2,"name":"Instrumentos Archiv\u00edsticos"}]},{"@type":"WebSite","@id":"https:\/\/agqroo.qroo.gob.mx\/#website","url":"https:\/\/agqroo.qroo.gob.mx\/","name":"Archivo General del Estado de Quintana Roo","description":"","publisher":{"@id":"https:\/\/agqroo.qroo.gob.mx\/#organization"},"potentialAction":[{"@type":"SearchAction","target":{"@type":"EntryPoint","urlTemplate":"https:\/\/agqroo.qroo.gob.mx\/?s={search_term_string}"},"query-input":{"@type":"PropertyValueSpecification","valueRequired":true,"valueName":"search_term_string"}}],"inLanguage":"es"},{"@type":"Organization","@id":"https:\/\/agqroo.qroo.gob.mx\/#organization","name":"Archivo General del Estado de Quintana Roo","url":"https:\/\/agqroo.qroo.gob.mx\/","logo":{"@type":"ImageObject","inLanguage":"es","@id":"https:\/\/agqroo.qroo.gob.mx\/#\/schema\/logo\/image\/","url":"https:\/\/agqroo.qroo.gob.mx\/wp-content\/uploads\/2024\/06\/AGQROO.png","contentUrl":"https:\/\/agqroo.qroo.gob.mx\/wp-content\/uploads\/2024\/06\/AGQROO.png","width":1920,"height":1080,"caption":"Archivo General del Estado de Quintana Roo"},"image":{"@id":"https:\/\/agqroo.qroo.gob.mx\/#\/schema\/logo\/image\/"}}]}},"_links":{"self":[{"href":"https:\/\/agqroo.qroo.gob.mx\/index.php\/wp-json\/wp\/v2\/pages\/36152","targetHints":{"allow":["GET"]}}],"collection":[{"href":"https:\/\/agqroo.qroo.gob.mx\/index.php\/wp-json\/wp\/v2\/pages"}],"about":[{"href":"https:\/\/agqroo.qroo.gob.mx\/index.php\/wp-json\/wp\/v2\/types\/page"}],"author":[{"embeddable":true,"href":"https:\/\/agqroo.qroo.gob.mx\/index.php\/wp-json\/wp\/v2\/users\/6"}],"replies":[{"embeddable":true,"href":"https:\/\/agqroo.qroo.gob.mx\/index.php\/wp-json\/wp\/v2\/comments?post=36152"}],"version-history":[{"count":16,"href":"https:\/\/agqroo.qroo.gob.mx\/index.php\/wp-json\/wp\/v2\/pages\/36152\/revisions"}],"predecessor-version":[{"id":36666,"href":"https:\/\/agqroo.qroo.gob.mx\/index.php\/wp-json\/wp\/v2\/pages\/36152\/revisions\/36666"}],"wp:attachment":[{"href":"https:\/\/agqroo.qroo.gob.mx\/index.php\/wp-json\/wp\/v2\/media?parent=36152"}],"curies":[{"name":"wp","href":"https:\/\/api.w.org\/{rel}","templated":true}]}}