{"id":36049,"date":"2024-09-05T15:37:41","date_gmt":"2024-09-05T20:37:41","guid":{"rendered":"https:\/\/agqroo.qroo.gob.mx\/?page_id=36049"},"modified":"2026-02-03T10:59:59","modified_gmt":"2026-02-03T15:59:59","slug":"tramites-y-servicios","status":"publish","type":"page","link":"https:\/\/agqroo.qroo.gob.mx\/index.php\/tramites-y-servicios\/","title":{"rendered":"Tr\u00e1mites y servicios"},"content":{"rendered":"\t\t<div data-elementor-type=\"wp-page\" data-elementor-id=\"36049\" class=\"elementor elementor-36049\">\n\t\t\t\t<div class=\"elementor-element elementor-element-e2fa577 e-flex e-con-boxed e-con e-parent\" data-id=\"e2fa577\" data-element_type=\"container\">\n\t\t\t\t\t<div class=\"e-con-inner\">\n\t\t\t\t<div class=\"elementor-element elementor-element-ae4987f elementor-widget elementor-widget-heading\" data-id=\"ae4987f\" data-element_type=\"widget\" data-widget_type=\"heading.default\">\n\t\t\t\t<div class=\"elementor-widget-container\">\n\t\t\t\t\t<h1 class=\"elementor-heading-title elementor-size-default\">Tr\u00e1mites y Servicios\n<\/h1>\t\t\t\t<\/div>\n\t\t\t\t<\/div>\n\t\t\t\t<div class=\"elementor-element elementor-element-713bb4d elementor-widget elementor-widget-text-editor\" data-id=\"713bb4d\" data-element_type=\"widget\" data-widget_type=\"text-editor.default\">\n\t\t\t\t<div class=\"elementor-widget-container\">\n\t\t\t\t\t\t\t\t\t<ol><li style=\"list-style-type: none;\"><ol><li><a href=\"https:\/\/catalogonacional.gob.mx\/FichaTramite\/AGQROO-2022-1807-006-A.html\">Consulta de Documentos Hist\u00f3ricos.<\/a><\/li><li><a href=\"https:\/\/catalogonacional.gob.mx\/FichaTramite\/AGQROO-2022-1807-007-A.html\">Consulta de Documentos de la Biblioteca, Hemeroteca y Mapoteca.<\/a><\/li><li><a href=\"https:\/\/agqroo.qroo.gob.mx\/wp-content\/uploads\/2026\/02\/formato-de-consulta-del-acervo-historico-del-Archivo-General-del-Estado-de-Quintana-Roo.pdf\">Formato de Consulta del Acervo Hist\u00f3rico del Archivo General del Estado de Quintana roo<\/a><\/li><\/ol><\/li><\/ol><div><h5 style=\"text-align: center;\"><strong>FORMATOS PARA LA SOLICITUD DE BAJA DOCUMENTAL DE DOCUMENTOS ANTERIORES AL EJERCICIO FISCAL 2019<\/strong><\/h5><ol><li style=\"list-style-type: none;\"><ol><li><a href=\"https:\/\/agqroo.qroo.gob.mx\/wp-content\/uploads\/2025\/05\/INVENTARIO-DE-BAJA-DOCUMENTAL.xlsx\">Inventario de Baja Documental.<\/a><\/li><li><a href=\"https:\/\/agqroo.qroo.gob.mx\/wp-content\/uploads\/2025\/05\/FICHA-TECNICA-DE-PREVALORACION.docx\">Ficha T\u00e9cnica de Prevaloraci\u00f3n.<\/a><\/li><li><a href=\"https:\/\/agqroo.qroo.gob.mx\/wp-content\/uploads\/2025\/06\/DECLARATORIA-1.docx\">Declaratoria.<\/a><\/li><\/ol><div>\u00a0<\/div><\/li><\/ol><\/div>\t\t\t\t\t\t\t\t<\/div>\n\t\t\t\t<\/div>\n\t\t\t\t\t<\/div>\n\t\t\t\t<\/div>\n\t\t\t\t<\/div>\n\t\t","protected":false},"excerpt":{"rendered":"<p>Tr\u00e1mites y Servicios Consulta de Documentos Hist\u00f3ricos. Consulta de Documentos de la Biblioteca, Hemeroteca y Mapoteca. Formato de Consulta del Acervo Hist\u00f3rico del Archivo General del Estado de Quintana roo FORMATOS PARA LA SOLICITUD DE BAJA DOCUMENTAL DE DOCUMENTOS ANTERIORES AL EJERCICIO FISCAL 2019 Inventario de Baja Documental. Ficha T\u00e9cnica de Prevaloraci\u00f3n. Declaratoria. \u00a0<\/p>\n","protected":false},"author":6,"featured_media":0,"parent":0,"menu_order":0,"comment_status":"closed","ping_status":"closed","template":"","meta":{"footnotes":""},"class_list":["post-36049","page","type-page","status-publish"],"yoast_head":"<!-- This site is optimized with the Yoast SEO plugin v26.1.1 - https:\/\/yoast.com\/wordpress\/plugins\/seo\/ -->\n<title>Tr\u00e1mites y servicios - Archivo General del Estado de Quintana Roo<\/title>\n<meta name=\"robots\" content=\"noindex, follow, max-snippet:-1, max-image-preview:large, max-video-preview:-1\" \/>\n<meta property=\"og:locale\" content=\"es_MX\" \/>\n<meta property=\"og:type\" content=\"article\" \/>\n<meta property=\"og:title\" content=\"Tr\u00e1mites y servicios - Archivo General del Estado de Quintana Roo\" \/>\n<meta property=\"og:description\" content=\"Tr\u00e1mites y Servicios Consulta de Documentos Hist\u00f3ricos. Consulta de Documentos de la Biblioteca, Hemeroteca y Mapoteca. Formato de Consulta del Acervo Hist\u00f3rico del Archivo General del Estado de Quintana roo FORMATOS PARA LA SOLICITUD DE BAJA DOCUMENTAL DE DOCUMENTOS ANTERIORES AL EJERCICIO FISCAL 2019 Inventario de Baja Documental. Ficha T\u00e9cnica de Prevaloraci\u00f3n. Declaratoria. \u00a0\" \/>\n<meta property=\"og:url\" content=\"https:\/\/agqroo.qroo.gob.mx\/index.php\/tramites-y-servicios\/\" \/>\n<meta property=\"og:site_name\" content=\"Archivo General del Estado de Quintana Roo\" \/>\n<meta property=\"article:modified_time\" content=\"2026-02-03T15:59:59+00:00\" \/>\n<meta name=\"twitter:card\" content=\"summary_large_image\" \/>\n<meta name=\"twitter:label1\" content=\"Tiempo de lectura\" \/>\n\t<meta name=\"twitter:data1\" content=\"1 minuto\" \/>\n<script type=\"application\/ld+json\" class=\"yoast-schema-graph\">{\"@context\":\"https:\/\/schema.org\",\"@graph\":[{\"@type\":\"WebPage\",\"@id\":\"https:\/\/agqroo.qroo.gob.mx\/index.php\/tramites-y-servicios\/\",\"url\":\"https:\/\/agqroo.qroo.gob.mx\/index.php\/tramites-y-servicios\/\",\"name\":\"Tr\u00e1mites y servicios - Archivo General del Estado de Quintana Roo\",\"isPartOf\":{\"@id\":\"https:\/\/agqroo.qroo.gob.mx\/#website\"},\"datePublished\":\"2024-09-05T20:37:41+00:00\",\"dateModified\":\"2026-02-03T15:59:59+00:00\",\"breadcrumb\":{\"@id\":\"https:\/\/agqroo.qroo.gob.mx\/index.php\/tramites-y-servicios\/#breadcrumb\"},\"inLanguage\":\"es\",\"potentialAction\":[{\"@type\":\"ReadAction\",\"target\":[\"https:\/\/agqroo.qroo.gob.mx\/index.php\/tramites-y-servicios\/\"]}]},{\"@type\":\"BreadcrumbList\",\"@id\":\"https:\/\/agqroo.qroo.gob.mx\/index.php\/tramites-y-servicios\/#breadcrumb\",\"itemListElement\":[{\"@type\":\"ListItem\",\"position\":1,\"name\":\"Inicio\",\"item\":\"https:\/\/agqroo.qroo.gob.mx\/\"},{\"@type\":\"ListItem\",\"position\":2,\"name\":\"Tr\u00e1mites y servicios\"}]},{\"@type\":\"WebSite\",\"@id\":\"https:\/\/agqroo.qroo.gob.mx\/#website\",\"url\":\"https:\/\/agqroo.qroo.gob.mx\/\",\"name\":\"Archivo General del Estado de Quintana Roo\",\"description\":\"\",\"publisher\":{\"@id\":\"https:\/\/agqroo.qroo.gob.mx\/#organization\"},\"potentialAction\":[{\"@type\":\"SearchAction\",\"target\":{\"@type\":\"EntryPoint\",\"urlTemplate\":\"https:\/\/agqroo.qroo.gob.mx\/?s={search_term_string}\"},\"query-input\":{\"@type\":\"PropertyValueSpecification\",\"valueRequired\":true,\"valueName\":\"search_term_string\"}}],\"inLanguage\":\"es\"},{\"@type\":\"Organization\",\"@id\":\"https:\/\/agqroo.qroo.gob.mx\/#organization\",\"name\":\"Archivo General del Estado de Quintana Roo\",\"url\":\"https:\/\/agqroo.qroo.gob.mx\/\",\"logo\":{\"@type\":\"ImageObject\",\"inLanguage\":\"es\",\"@id\":\"https:\/\/agqroo.qroo.gob.mx\/#\/schema\/logo\/image\/\",\"url\":\"https:\/\/agqroo.qroo.gob.mx\/wp-content\/uploads\/2024\/06\/AGQROO.png\",\"contentUrl\":\"https:\/\/agqroo.qroo.gob.mx\/wp-content\/uploads\/2024\/06\/AGQROO.png\",\"width\":1920,\"height\":1080,\"caption\":\"Archivo General del Estado de Quintana Roo\"},\"image\":{\"@id\":\"https:\/\/agqroo.qroo.gob.mx\/#\/schema\/logo\/image\/\"}}]}<\/script>\n<!-- \/ Yoast SEO plugin. -->","yoast_head_json":{"title":"Tr\u00e1mites y servicios - Archivo General del Estado de Quintana Roo","robots":{"index":"noindex","follow":"follow","max-snippet":"max-snippet:-1","max-image-preview":"max-image-preview:large","max-video-preview":"max-video-preview:-1"},"og_locale":"es_MX","og_type":"article","og_title":"Tr\u00e1mites y servicios - Archivo General del Estado de Quintana Roo","og_description":"Tr\u00e1mites y Servicios Consulta de Documentos Hist\u00f3ricos. Consulta de Documentos de la Biblioteca, Hemeroteca y Mapoteca. Formato de Consulta del Acervo Hist\u00f3rico del Archivo General del Estado de Quintana roo FORMATOS PARA LA SOLICITUD DE BAJA DOCUMENTAL DE DOCUMENTOS ANTERIORES AL EJERCICIO FISCAL 2019 Inventario de Baja Documental. Ficha T\u00e9cnica de Prevaloraci\u00f3n. Declaratoria. \u00a0","og_url":"https:\/\/agqroo.qroo.gob.mx\/index.php\/tramites-y-servicios\/","og_site_name":"Archivo General del Estado de Quintana Roo","article_modified_time":"2026-02-03T15:59:59+00:00","twitter_card":"summary_large_image","twitter_misc":{"Tiempo de lectura":"1 minuto"},"schema":{"@context":"https:\/\/schema.org","@graph":[{"@type":"WebPage","@id":"https:\/\/agqroo.qroo.gob.mx\/index.php\/tramites-y-servicios\/","url":"https:\/\/agqroo.qroo.gob.mx\/index.php\/tramites-y-servicios\/","name":"Tr\u00e1mites y servicios - Archivo General del Estado de Quintana Roo","isPartOf":{"@id":"https:\/\/agqroo.qroo.gob.mx\/#website"},"datePublished":"2024-09-05T20:37:41+00:00","dateModified":"2026-02-03T15:59:59+00:00","breadcrumb":{"@id":"https:\/\/agqroo.qroo.gob.mx\/index.php\/tramites-y-servicios\/#breadcrumb"},"inLanguage":"es","potentialAction":[{"@type":"ReadAction","target":["https:\/\/agqroo.qroo.gob.mx\/index.php\/tramites-y-servicios\/"]}]},{"@type":"BreadcrumbList","@id":"https:\/\/agqroo.qroo.gob.mx\/index.php\/tramites-y-servicios\/#breadcrumb","itemListElement":[{"@type":"ListItem","position":1,"name":"Inicio","item":"https:\/\/agqroo.qroo.gob.mx\/"},{"@type":"ListItem","position":2,"name":"Tr\u00e1mites y servicios"}]},{"@type":"WebSite","@id":"https:\/\/agqroo.qroo.gob.mx\/#website","url":"https:\/\/agqroo.qroo.gob.mx\/","name":"Archivo General del Estado de Quintana Roo","description":"","publisher":{"@id":"https:\/\/agqroo.qroo.gob.mx\/#organization"},"potentialAction":[{"@type":"SearchAction","target":{"@type":"EntryPoint","urlTemplate":"https:\/\/agqroo.qroo.gob.mx\/?s={search_term_string}"},"query-input":{"@type":"PropertyValueSpecification","valueRequired":true,"valueName":"search_term_string"}}],"inLanguage":"es"},{"@type":"Organization","@id":"https:\/\/agqroo.qroo.gob.mx\/#organization","name":"Archivo General del Estado de Quintana Roo","url":"https:\/\/agqroo.qroo.gob.mx\/","logo":{"@type":"ImageObject","inLanguage":"es","@id":"https:\/\/agqroo.qroo.gob.mx\/#\/schema\/logo\/image\/","url":"https:\/\/agqroo.qroo.gob.mx\/wp-content\/uploads\/2024\/06\/AGQROO.png","contentUrl":"https:\/\/agqroo.qroo.gob.mx\/wp-content\/uploads\/2024\/06\/AGQROO.png","width":1920,"height":1080,"caption":"Archivo General del Estado de Quintana Roo"},"image":{"@id":"https:\/\/agqroo.qroo.gob.mx\/#\/schema\/logo\/image\/"}}]}},"_links":{"self":[{"href":"https:\/\/agqroo.qroo.gob.mx\/index.php\/wp-json\/wp\/v2\/pages\/36049","targetHints":{"allow":["GET"]}}],"collection":[{"href":"https:\/\/agqroo.qroo.gob.mx\/index.php\/wp-json\/wp\/v2\/pages"}],"about":[{"href":"https:\/\/agqroo.qroo.gob.mx\/index.php\/wp-json\/wp\/v2\/types\/page"}],"author":[{"embeddable":true,"href":"https:\/\/agqroo.qroo.gob.mx\/index.php\/wp-json\/wp\/v2\/users\/6"}],"replies":[{"embeddable":true,"href":"https:\/\/agqroo.qroo.gob.mx\/index.php\/wp-json\/wp\/v2\/comments?post=36049"}],"version-history":[{"count":22,"href":"https:\/\/agqroo.qroo.gob.mx\/index.php\/wp-json\/wp\/v2\/pages\/36049\/revisions"}],"predecessor-version":[{"id":38194,"href":"https:\/\/agqroo.qroo.gob.mx\/index.php\/wp-json\/wp\/v2\/pages\/36049\/revisions\/38194"}],"wp:attachment":[{"href":"https:\/\/agqroo.qroo.gob.mx\/index.php\/wp-json\/wp\/v2\/media?parent=36049"}],"curies":[{"name":"wp","href":"https:\/\/api.w.org\/{rel}","templated":true}]}}